{"id":48407,"date":"2020-10-08T06:45:30","date_gmt":"2020-10-08T06:45:30","guid":{"rendered":"https:\/\/mppt.hu\/main\/"},"modified":"2026-03-24T10:44:00","modified_gmt":"2026-03-24T09:44:00","slug":"main","status":"publish","type":"page","link":"https:\/\/mppt.hu\/en\/","title":{"rendered":"MAIN"},"content":{"rendered":"<p>[et_pb_section fb_built=&#8221;1&#8243; fullwidth=&#8221;on&#8221; _builder_version=&#8221;4.16&#8243; hover_enabled=&#8221;0&#8243; da_disable_devices=&#8221;off|off|off&#8221; global_colors_info=&#8221;{}&#8221; sticky_enabled=&#8221;0&#8243; da_is_popup=&#8221;off&#8221; da_exit_intent=&#8221;off&#8221; da_has_close=&#8221;on&#8221; da_alt_close=&#8221;off&#8221; da_dark_close=&#8221;off&#8221; da_not_modal=&#8221;on&#8221; da_is_singular=&#8221;off&#8221; da_with_loader=&#8221;off&#8221; da_has_shadow=&#8221;on&#8221;][et_pb_fullwidth_slider show_image_video_mobile=&#8221;on&#8221; _builder_version=&#8221;4.27.4&#8243; header_font=&#8221;||||||||&#8221; use_background_color_gradient=&#8221;on&#8221; background_color_gradient_type=&#8221;circular&#8221; background_color_gradient_stops=&#8221;#ffffff 40%|#e2e2e2 88%&#8221; background_color_gradient_start=&#8221;#ffffff&#8221; background_color_gradient_start_position=&#8221;40%&#8221; background_color_gradient_end=&#8221;#e2e2e2&#8243; background_color_gradient_end_position=&#8221;88%&#8221; custom_button=&#8221;on&#8221; button_text_color=&#8221;#ffffff&#8221; button_font=&#8221;||||||||&#8221; auto=&#8221;on&#8221; hover_enabled=&#8221;0&#8243; global_colors_info=&#8221;{}&#8221; sticky_enabled=&#8221;0&#8243;][et_pb_slide heading=&#8221;Latest Issue&#8221; button_text=&#8221;Details&#8221; button_link=&#8221;https:\/\/mppt.hu\/en\/project\/volume-28-number-1-march-2026\/&#8221; image=&#8221;https:\/\/mppt.hu\/wp-content\/uploads\/2026\/03\/NPH_2026_marcius_B1_LR.jpg&#8221; use_bg_overlay=&#8221;off&#8221; use_text_overlay=&#8221;off&#8221; _builder_version=&#8221;4.27.4&#8243; header_font=&#8221;||||||||&#8221; header_font_size=&#8221;36px&#8221; background_layout=&#8221;light&#8221; link_option_url=&#8221;https:\/\/mppt.hu\/en\/project\/volume-28-number-1-march-2026\/&#8221; hover_enabled=&#8221;0&#8243; global_colors_info=&#8221;{}&#8221; sticky_transition=&#8221;on&#8221; sticky_enabled=&#8221;0&#8243; title_text=&#8221;NPH_2025_szeptember_B1.indd&#8221;]<\/p>\n<p>Volume 28 Issue 1, March 2026<\/p>\n<p>[\/et_pb_slide][\/et_pb_fullwidth_slider][\/et_pb_section][et_pb_section fb_built=&#8221;1&#8243; fullwidth=&#8221;on&#8221; _builder_version=&#8221;4.16&#8243; da_disable_devices=&#8221;off|off|off&#8221; global_colors_info=&#8221;{}&#8221; da_is_popup=&#8221;off&#8221; da_exit_intent=&#8221;off&#8221; da_has_close=&#8221;on&#8221; da_alt_close=&#8221;off&#8221; da_dark_close=&#8221;off&#8221; da_not_modal=&#8221;on&#8221; da_is_singular=&#8221;off&#8221; da_with_loader=&#8221;off&#8221; da_has_shadow=&#8221;on&#8221;][\/et_pb_section][et_pb_section fb_built=&#8221;1&#8243; disabled_on=&#8221;on|on|on&#8221; _builder_version=&#8221;4.16&#8243; custom_padding=&#8221;0|0px|50px|0px|false|false&#8221; da_disable_devices=&#8221;off|off|off&#8221; disabled=&#8221;on&#8221; global_colors_info=&#8221;{}&#8221; da_is_popup=&#8221;off&#8221; da_exit_intent=&#8221;off&#8221; da_has_close=&#8221;on&#8221; da_alt_close=&#8221;off&#8221; da_dark_close=&#8221;off&#8221; da_not_modal=&#8221;on&#8221; da_is_singular=&#8221;off&#8221; da_with_loader=&#8221;off&#8221; da_has_shadow=&#8221;on&#8221;][et_pb_row _builder_version=&#8221;4.16&#8243; custom_padding=&#8221;0px|0px|14px|10px|false|false&#8221; global_colors_info=&#8221;{}&#8221;][et_pb_column type=&#8221;4_4&#8243; _builder_version=&#8221;4.16&#8243; custom_padding=&#8221;|||&#8221; global_colors_info=&#8221;{}&#8221; custom_padding__hover=&#8221;|||&#8221;][et_pb_text _builder_version=&#8221;4.16&#8243; text_font=&#8221;|300|||||||&#8221; text_text_color=&#8221;#3a3a3a&#8221; text_letter_spacing=&#8221;1px&#8221; text_line_height=&#8221;1.8em&#8221; header_font=&#8221;||||||||&#8221; header_2_font=&#8221;|700||on|||||&#8221; header_2_text_color=&#8221;#0c71c3&#8243; header_2_font_size=&#8221;25px&#8221; header_2_letter_spacing=&#8221;2px&#8221; header_2_line_height=&#8221;1.7em&#8221; background_size=&#8221;initial&#8221; background_position=&#8221;top_left&#8221; background_repeat=&#8221;repeat&#8221; text_orientation=&#8221;justified&#8221; custom_margin=&#8221;43px|||||&#8221; global_colors_info=&#8221;{}&#8221;]<\/p>\n<h2 style=\"text-align: center;\">K\u00f6sz\u00f6nt\u0151<\/h2>\n<p style=\"text-align: center;\"><strong>Tisztelt Koll\u00e9gan\u0151\/Koll\u00e9ga!<\/strong><\/p>\n<p>&nbsp;<\/p>\n<p style=\"text-align: center;\">Haz\u00e1nkban a COVID-19 j\u00e1rv\u00e1ny\u00fcgyi helyzet jelent\u0151sen javult, azonban a j\u00e1rv\u00e1ny<br \/>ism\u00e9telt fell\u00e1ngol\u00e1s\u00e1val kapcsolatban k\u00fcl\u00f6nb\u00f6z\u0151 progn\u00f3zisokat olvashatunk neves<br \/>szakemberekt\u0151l. Abban sokan egyet\u00e9rtenek, hogy sz\u00e1m\u00edtani kell m\u00e1sodik hull\u00e1mra. A<br \/>szeptemberre tervezett szakmai konferenci\u00e1kat tov\u00e1bbra is virtu\u00e1lis form\u00e1ban szervezik, az<br \/>\u0151szi id\u0151szakra nem tal\u00e1lhat\u00f3 egyetlen szem\u00e9lyesen l\u00e1togathat\u00f3 tudom\u00e1nyos program sem.<br \/>Mindezek alapj\u00e1n az MPPT vezet\u0151s\u00e9ge \u00fagy \u00e9rt\u00e9kelte, hogy a 2020. okt\u00f3ber\u00e9re<br \/>tervezett kongresszust kell\u0151 biztons\u00e1ggal nem tudja megszervezni, ez\u00e9rt elhalaszt\u00e1sa mellett<br \/>d\u00f6nt\u00f6tt. A vakcina kifejleszt\u00e9se \u00e9s egy\u00e9b rem\u00e9nykelt\u0151 folyamatok azonban biztat\u00f3ak \u00e9s a<br \/>kongresszust 2021-re ism\u00e9t megh\u00edrdetj\u00fck.<\/p>\n<p style=\"text-align: center;\">\n<p style=\"text-align: center;\"><strong>Tisztelettel, az MPPT vezet\u0151s\u00e9ge:<\/strong><br \/> Prof. Dr. Faludi G\u00e1bor DSc eln\u00f6k, Dr. Makkos Zolt\u00e1n PhD f\u0151titk\u00e1r, Dr. Kov\u00e1cs G\u00e1bor aleln\u00f6k,<br \/> Dr. P\u00e9ter L\u00e1szl\u00f3 PhD aleln\u00f6k, Dr. Laz\u00e1ry Judit PhD. az NPH szerkeszt\u0151je, Dr. Gonda X\u00e9nia PhD. az NPH szerkeszt\u0151je<\/p>\n<p>[\/et_pb_text][\/et_pb_column][\/et_pb_row][\/et_pb_section][et_pb_section fb_built=&#8221;1&#8243; disabled_on=&#8221;on|on|on&#8221; _builder_version=&#8221;4.16&#8243; background_color=&#8221;#0c71c3&#8243; custom_padding=&#8221;0|0px|0|0px|false|false&#8221; da_disable_devices=&#8221;off|off|off&#8221; disabled=&#8221;on&#8221; global_colors_info=&#8221;{}&#8221; da_is_popup=&#8221;off&#8221; da_exit_intent=&#8221;off&#8221; da_has_close=&#8221;on&#8221; da_alt_close=&#8221;off&#8221; da_dark_close=&#8221;off&#8221; da_not_modal=&#8221;on&#8221; da_is_singular=&#8221;off&#8221; da_with_loader=&#8221;off&#8221; da_has_shadow=&#8221;on&#8221;][et_pb_row column_structure=&#8221;3_4,1_4&#8243; _builder_version=&#8221;4.16&#8243; custom_padding=&#8221;15px|0px|0|0px|false|false&#8221; global_colors_info=&#8221;{}&#8221;][et_pb_column type=&#8221;3_4&#8243; _builder_version=&#8221;4.16&#8243; custom_padding=&#8221;|||&#8221; global_colors_info=&#8221;{}&#8221; custom_padding__hover=&#8221;|||&#8221;][et_pb_text _builder_version=&#8221;4.16&#8243; text_font=&#8221;|700|||||||&#8221; text_text_color=&#8221;#ffffff&#8221; text_font_size=&#8221;17px&#8221; text_orientation=&#8221;center&#8221; global_colors_info=&#8221;{}&#8221;]Iratkozzon fel h\u00edrlevel\u00fcnkre, hogy mindig els\u0151k k\u00f6z\u00f6tt \u00e9rtes\u00fclhessen az aktualit\u00e1sokr\u00f3l![\/et_pb_text][\/et_pb_column][et_pb_column type=&#8221;1_4&#8243; _builder_version=&#8221;4.16&#8243; custom_padding=&#8221;|||&#8221; global_colors_info=&#8221;{}&#8221; custom_padding__hover=&#8221;|||&#8221;][et_pb_button button_url=&#8221;https:\/\/sw.salesautopilot.com\/saformbox\/92872_174733&#8243; button_text=&#8221;Feliratkoz\u00e1s!&#8221; button_alignment=&#8221;center&#8221; _builder_version=&#8221;4.16&#8243; custom_button=&#8221;on&#8221; button_text_size=&#8221;16px&#8221; button_text_color=&#8221;#000000&#8243; button_bg_color=&#8221;#ffffff&#8221; button_border_radius=&#8221;25px&#8221; button_font=&#8221;|600||on|||||&#8221; custom_margin=&#8221;-6px||9px&#8221; custom_padding=&#8221;||3px&#8221; global_colors_info=&#8221;{}&#8221;][\/et_pb_button][\/et_pb_column][\/et_pb_row][\/et_pb_section][et_pb_section fb_built=&#8221;1&#8243; disabled_on=&#8221;on|on|on&#8221; _builder_version=&#8221;4.16&#8243; custom_padding=&#8221;0|0px|50px|0px|false|false&#8221; da_disable_devices=&#8221;off|off|off&#8221; border_style_all=&#8221;none&#8221; disabled=&#8221;on&#8221; locked=&#8221;off&#8221; global_colors_info=&#8221;{}&#8221; da_is_popup=&#8221;off&#8221; da_exit_intent=&#8221;off&#8221; da_has_close=&#8221;on&#8221; da_alt_close=&#8221;off&#8221; da_dark_close=&#8221;off&#8221; da_not_modal=&#8221;on&#8221; da_is_singular=&#8221;off&#8221; da_with_loader=&#8221;off&#8221; da_has_shadow=&#8221;on&#8221;][et_pb_row _builder_version=&#8221;4.16&#8243; custom_padding=&#8221;0px|0px|14px|10px|false|false&#8221; global_colors_info=&#8221;{}&#8221;][et_pb_column type=&#8221;4_4&#8243; _builder_version=&#8221;4.16&#8243; custom_padding=&#8221;|||&#8221; global_colors_info=&#8221;{}&#8221; custom_padding__hover=&#8221;|||&#8221;][et_pb_text _builder_version=&#8221;4.16&#8243; text_font=&#8221;|300|||||||&#8221; text_text_color=&#8221;#3a3a3a&#8221; text_letter_spacing=&#8221;1px&#8221; text_line_height=&#8221;1.8em&#8221; header_font=&#8221;||||||||&#8221; header_2_font=&#8221;|700||on|||||&#8221; header_2_text_color=&#8221;#0c71c3&#8243; header_2_font_size=&#8221;25px&#8221; header_2_letter_spacing=&#8221;2px&#8221; header_2_line_height=&#8221;1.7em&#8221; background_size=&#8221;initial&#8221; background_position=&#8221;top_left&#8221; background_repeat=&#8221;repeat&#8221; text_orientation=&#8221;justified&#8221; custom_margin=&#8221;43px|||||&#8221; border_style_all=&#8221;none&#8221; global_colors_info=&#8221;{}&#8221;]<\/p>\n<div dir=\"ltr\">\n<div dir=\"ltr\">\n<h2 style=\"text-align: center;\"><span style=\"color: #808080;\">A honlap m\u0171k\u00f6d\u00e9s\u00e9t a Richter Gedeon t\u00e1mogatja<\/span><\/h2>\n<\/div>\n<\/div>\n<blockquote type=\"cite\">\n<div dir=\"ltr\">\n<div dir=\"ltr\">\n<div style=\"text-align: center;\"><\/div>\n<\/div>\n<\/div>\n<\/blockquote>\n<div dir=\"ltr\">\n<div dir=\"ltr\">\n<div style=\"text-align: center;\"><img loading=\"lazy\" decoding=\"async\" src=\"https:\/\/mppt.hu\/wp-content\/uploads\/2020\/07\/Richter_Gedeon_HOR_CMYK-300x86.jpg\" width=\"300\" height=\"86\" alt=\"\" class=\"wp-image-48226 alignnone size-medium\" srcset=\"https:\/\/mppt.hu\/wp-content\/uploads\/2020\/07\/Richter_Gedeon_HOR_CMYK-300x86.jpg 300w, https:\/\/mppt.hu\/wp-content\/uploads\/2020\/07\/Richter_Gedeon_HOR_CMYK-218x62.jpg 218w, https:\/\/mppt.hu\/wp-content\/uploads\/2020\/07\/Richter_Gedeon_HOR_CMYK.jpg 413w\" sizes=\"(max-width: 300px) 100vw, 300px\" \/><\/div>\n<\/div>\n<\/div>\n<p>[\/et_pb_text][\/et_pb_column][\/et_pb_row][\/et_pb_section]<\/p>\n","protected":false},"excerpt":{"rendered":"<p>Volume 28 Issue 1, March 2026K\u00f6sz\u00f6nt\u0151 Tisztelt Koll\u00e9gan\u0151\/Koll\u00e9ga! &nbsp; Haz\u00e1nkban a COVID-19 j\u00e1rv\u00e1ny\u00fcgyi helyzet jelent\u0151sen javult, azonban a j\u00e1rv\u00e1nyism\u00e9telt fell\u00e1ngol\u00e1s\u00e1val kapcsolatban k\u00fcl\u00f6nb\u00f6z\u0151 progn\u00f3zisokat olvashatunk nevesszakemberekt\u0151l. Abban sokan egyet\u00e9rtenek, hogy sz\u00e1m\u00edtani kell m\u00e1sodik hull\u00e1mra. Aszeptemberre tervezett szakmai konferenci\u00e1kat tov\u00e1bbra is virtu\u00e1lis form\u00e1ban szervezik, az\u0151szi id\u0151szakra nem tal\u00e1lhat\u00f3 egyetlen szem\u00e9lyesen l\u00e1togathat\u00f3 tudom\u00e1nyos program sem.Mindezek alapj\u00e1n az MPPT [&hellip;]<\/p>\n","protected":false},"author":4,"featured_media":0,"parent":0,"menu_order":0,"comment_status":"closed","ping_status":"closed","template":"","meta":{"_et_pb_use_builder":"on","_et_pb_old_content":"","_et_gb_content_width":"","footnotes":""},"class_list":["post-48407","page","type-page","status-publish","hentry"],"_links":{"self":[{"href":"https:\/\/mppt.hu\/en\/wp-json\/wp\/v2\/pages\/48407","targetHints":{"allow":["GET"]}}],"collection":[{"href":"https:\/\/mppt.hu\/en\/wp-json\/wp\/v2\/pages"}],"about":[{"href":"https:\/\/mppt.hu\/en\/wp-json\/wp\/v2\/types\/page"}],"author":[{"embeddable":true,"href":"https:\/\/mppt.hu\/en\/wp-json\/wp\/v2\/users\/4"}],"replies":[{"embeddable":true,"href":"https:\/\/mppt.hu\/en\/wp-json\/wp\/v2\/comments?post=48407"}],"version-history":[{"count":38,"href":"https:\/\/mppt.hu\/en\/wp-json\/wp\/v2\/pages\/48407\/revisions"}],"predecessor-version":[{"id":53949,"href":"https:\/\/mppt.hu\/en\/wp-json\/wp\/v2\/pages\/48407\/revisions\/53949"}],"wp:attachment":[{"href":"https:\/\/mppt.hu\/en\/wp-json\/wp\/v2\/media?parent=48407"}],"curies":[{"name":"wp","href":"https:\/\/api.w.org\/{rel}","templated":true}]}}