{"id":48476,"date":"2020-10-08T07:49:34","date_gmt":"2020-10-08T07:49:34","guid":{"rendered":"https:\/\/mppt.hu\/editorial-board\/"},"modified":"2024-11-18T14:58:45","modified_gmt":"2024-11-18T13:58:45","slug":"editorial-board","status":"publish","type":"page","link":"https:\/\/mppt.hu\/en\/editorial-board\/","title":{"rendered":"Editorial Board"},"content":{"rendered":"<p>[et_pb_section fb_built=&#8221;1&#8243; _builder_version=&#8221;4.16&#8243; custom_padding=&#8221;54px|0px|22px|0px|false|false&#8221; global_colors_info=&#8221;{}&#8221;][et_pb_row _builder_version=&#8221;4.16&#8243; global_colors_info=&#8221;{}&#8221;][et_pb_column type=&#8221;4_4&#8243; _builder_version=&#8221;4.16&#8243; custom_padding=&#8221;|||&#8221; global_colors_info=&#8221;{}&#8221; custom_padding__hover=&#8221;|||&#8221;][et_pb_text _builder_version=&#8221;4.16&#8243; text_font=&#8221;||||||||&#8221; header_font=&#8221;||||||||&#8221; header_2_font=&#8221;|700||on|||||&#8221; header_2_text_align=&#8221;center&#8221; header_2_text_color=&#8221;#0c71c3&#8243; header_2_letter_spacing=&#8221;2px&#8221; custom_margin=&#8221;||-8px|||&#8221; global_colors_info=&#8221;{}&#8221;]<\/p>\n<h2>Editorial Board<\/h2>\n<p>[\/et_pb_text][\/et_pb_column][\/et_pb_row][et_pb_row _builder_version=&#8221;4.16&#8243; global_colors_info=&#8221;{}&#8221;][et_pb_column type=&#8221;4_4&#8243; _builder_version=&#8221;4.16&#8243; custom_padding=&#8221;|||&#8221; global_colors_info=&#8221;{}&#8221; custom_padding__hover=&#8221;|||&#8221;][et_pb_blurb title=&#8221;Founding Editor&#8221; _builder_version=&#8221;4.16&#8243; header_font=&#8221;|700|||||||&#8221; body_font=&#8221;||||||||&#8221; text_orientation=&#8221;center&#8221; global_colors_info=&#8221;{}&#8221;][\/et_pb_blurb][et_pb_text _builder_version=&#8221;4.16&#8243; text_font=&#8221;||||||||&#8221; text_orientation=&#8221;center&#8221; width=&#8221;11%&#8221; module_alignment=&#8221;center&#8221; custom_margin=&#8221;-20px||43px&#8221; border_width_all=&#8221;1px&#8221; border_color_all=&#8221;rgba(51,51,51,0.55)&#8221; global_colors_info=&#8221;{}&#8221;]<\/p>\n<p>Gaszner P\u00e9ter<\/p>\n<p>[\/et_pb_text][et_pb_blurb title=&#8221;Editor-in-Chief&#8221; _builder_version=&#8221;4.16&#8243; header_font=&#8221;|700|||||||&#8221; text_orientation=&#8221;center&#8221; global_colors_info=&#8221;{}&#8221;]<\/p>\n<p><span>Faludi G\u00e1bor\u00a0<\/span><br \/> <span class=\"link\">e-mail: faludigj@gmail.com<\/span><\/p>\n<p>[\/et_pb_blurb][et_pb_blurb title=&#8221;Editors&#8221; _builder_version=&#8221;4.16&#8243; header_font=&#8221;|700|||||||&#8221; text_orientation=&#8221;center&#8221; global_colors_info=&#8221;{}&#8221;]<\/p>\n<p>Laz\u00e1ry Judit<br \/>Gonda X\u00e9nia<\/p>\n<p>[\/et_pb_blurb][et_pb_blurb title=&#8221;Editorial board&#8221; _builder_version=&#8221;4.16&#8243; header_font=&#8221;|700|||||||&#8221; text_orientation=&#8221;center&#8221; global_colors_info=&#8221;{}&#8221;]Thomas A. Ban (Toronto)<br \/>\nBagdy Gy\u00f6rgy (Budapest)<br \/>\nB\u00e1nki M. Csaba (Nagyk\u00e1ll\u00f3)<br \/>\nBereczki D\u00e1niel (Budapest)<br \/>\nBorvend\u00e9g J\u00e1nos (Budapest)<br \/>\nD\u00f6me P\u00e9ter (Budapest)<br \/>\nF\u00fcrst Zsuzsanna (Budapest)<br \/>\nJanka Zolt\u00e1n (Szeged)<br \/>\nK\u00e1lm\u00e1n J\u00e1nos (Szeged)<br \/>\nK\u00e9ri Szabolcs (Budapest)<br \/>\nKov\u00e1cs G\u00e1bor (Budapest)<br \/>\nMakkos Zolt\u00e1n (Budapest)<br \/>\nMiklya Ildik\u00f3 (Budapest)<br \/>\nMirnics K\u00e1roly (Nashville)<br \/>\nPalkovits Mikl\u00f3s (Budapest)<br \/>\nP\u00e9ter L\u00e1szl\u00f3 (Budapest)<br \/>\nRihmer Zolt\u00e1n (Budapest)<br \/>\nElem\u00e9r Szabadi (Nottingham)<br \/>\nT\u00e9nyi Tam\u00e1s (P\u00e9cs)[\/et_pb_blurb][\/et_pb_column][\/et_pb_row][et_pb_row _builder_version=&#8221;4.16&#8243; global_colors_info=&#8221;{}&#8221;][et_pb_column type=&#8221;4_4&#8243; _builder_version=&#8221;4.16&#8243; custom_padding=&#8221;|||&#8221; global_colors_info=&#8221;{}&#8221; custom_padding__hover=&#8221;|||&#8221;][et_pb_blurb title=&#8221;Advisoryboard&#8221; _builder_version=&#8221;4.16&#8243; header_font=&#8221;|700|||||||&#8221; text_orientation=&#8221;center&#8221; global_colors_info=&#8221;{}&#8221;]<\/p>\n<p>Jacques Bradwejn (Ottawa)<br \/> Stuart A. Montgomery (London)<br \/> Robert H. Belmaker (Beersheva)<br \/> Hans-J\u00fcrgen M\u00f6ller (M\u00fcnchen)<br \/> Angelos Halaris (Chicago)<br \/> Ahmad Okasha (Kair\u00f3)<br \/> Juan J. Lopez-Ibor (Madrid)<br \/> Eugene S. Paykel (London)<br \/> Herbert Y. Meltzer (Nashville)<br \/> Norman Sartorius (Genf)<br \/> Tekes Korn\u00e9lia (Budapest)<\/p>\n<p>[\/et_pb_blurb][et_pb_blurb title=&#8221;Published by&#8221; _builder_version=&#8221;4.16&#8243; header_font=&#8221;|700|||||||&#8221; text_orientation=&#8221;center&#8221; global_colors_info=&#8221;{}&#8221;]<\/p>\n<p>A Magyar Pszichofarmakol\u00f3gusok T\u00e1rsas\u00e1ga eln\u00f6ke<\/p>\n<p>[\/et_pb_blurb][et_pb_blurb title=&#8221;Publisher&#8221; _builder_version=&#8221;4.16&#8243; header_font=&#8221;|700|||||||&#8221; text_orientation=&#8221;center&#8221; global_colors_info=&#8221;{}&#8221;]<\/p>\n<p>La D\u00e9couverte Bt.<br \/> Levelez\u00e9si c\u00edm: 1279 Budapest, Pf. 4.<br \/> tel. \/ fax: +36 (1) 266 7318<br \/> e-mail: <a href=\"mailto:kiado@mppt.hu\">kiado@mppt.hu<\/a>\u00a0<\/p>\n<p>[\/et_pb_blurb][et_pb_blurb title=&#8221;Editorial Office&#8221; _builder_version=&#8221;4.16&#8243; header_font=&#8221;|700|||||||&#8221; text_orientation=&#8221;center&#8221; global_colors_info=&#8221;{}&#8221;]<\/p>\n<p>1052 Budapest, Vitkovics M. utca 3-5.<br \/> e-mail: mppt@mppt.hu<\/p>\n<p>[\/et_pb_blurb][et_pb_blurb title=&#8221;Manuscripts&#8221; _builder_version=&#8221;4.27.2&#8243; header_font=&#8221;|700|||||||&#8221; text_orientation=&#8221;center&#8221; hover_enabled=&#8221;0&#8243; global_colors_info=&#8221;{}&#8221; sticky_enabled=&#8221;0&#8243;]<\/p>\n<p>Faludi G\u00e1bor<br \/>e-mail: <a href=\"mailto:faludi.gabor@semmelweis.hu\" target=\"_blank\" rel=\"noopener\">faludi.gabor@semmelweis.hu<\/a><a href=\"mailto:faludi.gabor@med.semmelweis-univ.hu\"><\/a><\/p>\n<p>[\/et_pb_blurb][\/et_pb_column][\/et_pb_row][et_pb_row disabled_on=&#8221;on|on|on&#8221; _builder_version=&#8221;4.16&#8243; disabled=&#8221;on&#8221; global_colors_info=&#8221;{}&#8221;][et_pb_column type=&#8221;4_4&#8243; _builder_version=&#8221;4.16&#8243; custom_padding=&#8221;|||&#8221; global_colors_info=&#8221;{}&#8221; custom_padding__hover=&#8221;|||&#8221;][et_pb_blurb title=&#8221;El\u0151fizet\u00e9si d\u00edj egy \u00e9vre&#8221; use_icon=&#8221;on&#8221; font_icon=&#8221;&#xe07c;||divi||400&#8243; icon_placement=&#8221;left&#8221; content_max_width=&#8221;778px&#8221; _builder_version=&#8221;4.16&#8243; global_colors_info=&#8221;{}&#8221;]<\/p>\n<p>egy\u00e9ni: 3.000 Ft ; int\u00e9zm\u00e9nyi: 12.000 Ft; egyes sz\u00e1m \u00e1ra: 800 Ft<\/p>\n<p>Megjelenik n\u00e9gy alkalommal, egy supplementummal.<br \/>Hirdet\u00e9sfelv\u00e9tel, el\u0151fizet\u00e9s a szerkeszt\u0151s\u00e9gben.<\/p>\n<p>[\/et_pb_blurb][\/et_pb_column][\/et_pb_row][\/et_pb_section]<\/p>\n","protected":false},"excerpt":{"rendered":"<p>Editorial BoardGaszner P\u00e9terFaludi G\u00e1bor\u00a0 e-mail: faludigj@gmail.comLaz\u00e1ry JuditGonda X\u00e9niaThomas A. Ban (Toronto) Bagdy Gy\u00f6rgy (Budapest) B\u00e1nki M. Csaba (Nagyk\u00e1ll\u00f3) Bereczki D\u00e1niel (Budapest) Borvend\u00e9g J\u00e1nos (Budapest) D\u00f6me P\u00e9ter (Budapest) F\u00fcrst Zsuzsanna (Budapest) Janka Zolt\u00e1n (Szeged) K\u00e1lm\u00e1n J\u00e1nos (Szeged) K\u00e9ri Szabolcs (Budapest) Kov\u00e1cs G\u00e1bor (Budapest) Makkos Zolt\u00e1n (Budapest) Miklya Ildik\u00f3 (Budapest) Mirnics K\u00e1roly (Nashville) Palkovits Mikl\u00f3s (Budapest) P\u00e9ter [&hellip;]<\/p>\n","protected":false},"author":4,"featured_media":0,"parent":0,"menu_order":0,"comment_status":"closed","ping_status":"closed","template":"","meta":{"_et_pb_use_builder":"on","_et_pb_old_content":"","_et_gb_content_width":"","footnotes":""},"class_list":["post-48476","page","type-page","status-publish","hentry"],"_links":{"self":[{"href":"https:\/\/mppt.hu\/en\/wp-json\/wp\/v2\/pages\/48476","targetHints":{"allow":["GET"]}}],"collection":[{"href":"https:\/\/mppt.hu\/en\/wp-json\/wp\/v2\/pages"}],"about":[{"href":"https:\/\/mppt.hu\/en\/wp-json\/wp\/v2\/types\/page"}],"author":[{"embeddable":true,"href":"https:\/\/mppt.hu\/en\/wp-json\/wp\/v2\/users\/4"}],"replies":[{"embeddable":true,"href":"https:\/\/mppt.hu\/en\/wp-json\/wp\/v2\/comments?post=48476"}],"version-history":[{"count":5,"href":"https:\/\/mppt.hu\/en\/wp-json\/wp\/v2\/pages\/48476\/revisions"}],"predecessor-version":[{"id":53004,"href":"https:\/\/mppt.hu\/en\/wp-json\/wp\/v2\/pages\/48476\/revisions\/53004"}],"wp:attachment":[{"href":"https:\/\/mppt.hu\/en\/wp-json\/wp\/v2\/media?parent=48476"}],"curies":[{"name":"wp","href":"https:\/\/api.w.org\/{rel}","templated":true}]}}