{"id":48481,"date":"2020-10-08T08:09:40","date_gmt":"2020-10-08T08:09:40","guid":{"rendered":"https:\/\/mppt.hu\/program\/"},"modified":"2021-04-12T06:28:57","modified_gmt":"2021-04-12T06:28:57","slug":"program","status":"publish","type":"page","link":"https:\/\/mppt.hu\/en\/program\/","title":{"rendered":"Congress program"},"content":{"rendered":"<p>[et_pb_section fb_built=&#8221;1&#8243; _builder_version=&#8221;3.22.3&#8243; custom_padding=&#8221;0px|0px|77px|0px|false|false&#8221;][et_pb_row _builder_version=&#8221;3.25&#8243; custom_padding=&#8221;||0px|||&#8221;][et_pb_column type=&#8221;4_4&#8243; _builder_version=&#8221;3.25&#8243; custom_padding=&#8221;|||&#8221; custom_padding__hover=&#8221;|||&#8221;][et_pb_text _builder_version=&#8221;4.6.6&#8243; text_font=&#8221;||on||||||&#8221; text_font_size=&#8221;15px&#8221; text_line_height=&#8221;1.8em&#8221; header_font=&#8221;||||||||&#8221; header_2_font=&#8221;||||||||&#8221; header_2_text_color=&#8221;#0c71c3&#8243; header_2_font_size=&#8221;22px&#8221; header_4_font=&#8221;||||on||||solid&#8221; header_4_text_color=&#8221;#0c71c3&#8243; header_5_font=&#8221;||||||||&#8221; header_5_text_align=&#8221;left&#8221; header_5_font_size=&#8221;15px&#8221; header_5_line_height=&#8221;2em&#8221; background_color=&#8221;#ffffff&#8221; use_background_color_gradient=&#8221;on&#8221; background_color_gradient_start=&#8221;#ffffff&#8221; background_color_gradient_end=&#8221;#ffffff&#8221; background_color_gradient_type=&#8221;radial&#8221; transform_scale=&#8221;104%|104%&#8221; width=&#8221;90%&#8221; width_tablet=&#8221;&#8221; width_phone=&#8221;&#8221; width_last_edited=&#8221;on|phone&#8221; module_alignment=&#8221;center&#8221; animation_style=&#8221;zoom&#8221;]<\/p>\n<h2 style=\"text-align: center;\"><strong>XVII. Magyar Neuropszichofarmakol\u00f3giai Kongresszus<\/strong><\/h2>\n<p style=\"text-align: center;\">Innovat\u00edv es transzformat\u00edv pszichofarmakol\u00f3gia HOTEL CLUB TIHANY 2021. OKT\u00d3BER 7\u20139.<\/p>\n<p style=\"text-align: center;\">\n<p style=\"text-align: center;\">CS\u00dcT\u00d6RT\u00d6K 2021. OKT\u00d3BER 7.<br \/>11.00\u201313.00 Tudom\u00e1nyos (CME) szimp\u00f3zium: diagnosztikai \u00e9s\u00a0 er\u00e1pi\u00e1s k\u00e9rd\u00e9sek a pszichi\u00e1ter klinikai gyakorlata sor\u00e1n<br \/>14.30\u201316.00 Tudom\u00e1nyos (CME) szimp\u00f3zium folytat\u00e1sa<br \/>16.15\u201316.30 Megnyit\u00f3<br \/>17.00\u201318.00 C\u00e9gszimp\u00f3zium<\/p>\n<p style=\"text-align: center;\">\n<p style=\"text-align: center;\">P\u00c9NTEK 2021. OKT\u00d3BER 8.<br \/>09.00\u201310.30 A poszt-Covid szindr\u00f3ma pszichi\u00e1triai vonatkoz\u00e1sai<br \/>11.00\u201313.00 Neuromodulat\u00edv szerek a klinikumban<br \/>14.00\u201315.00 E-poszter szekci\u00f3<br \/>15.00\u201316.30 Pszichofarmakonokaz indik\u00e1ci\u00f3n t\u00fal<br \/>17.00\u201318.30 C\u00e9gszimp\u00f3zium<br \/>18.30\u201319.30 C\u00e9gszimp\u00f3zium<\/p>\n<p style=\"text-align: center;\">\n<p style=\"text-align: center;\">SZOMBAT 2021. OKT\u00d3BER 9.<br \/>09.00\u201310.30 Pszichofarmakol\u00f3gia elm\u00e9leti \u00e9s gyakorlati k\u00e9rd\u00e9sei<br \/>10.45\u201311.30 Szabad el\u0151ad\u00e1sok<br \/>11.45\u201312.45 C\u00e9gszimp\u00f3zium<br \/>12.45\u201313.00 Kongresszus z\u00e1r\u00e1sa<\/p>\n<p>&nbsp;<\/p>\n<p>&nbsp;<\/p>\n<p>[\/et_pb_text][\/et_pb_column][\/et_pb_row][et_pb_row column_structure=&#8221;1_2,1_2&#8243; _builder_version=&#8221;3.25&#8243;][et_pb_column type=&#8221;1_2&#8243; _builder_version=&#8221;3.25&#8243; custom_padding=&#8221;|||&#8221; custom_padding__hover=&#8221;|||&#8221;][et_pb_cta title=&#8221;Szervez\u0151 bizotts\u00e1g: &#8221; _builder_version=&#8221;3.22.2&#8243; header_font=&#8221;||||||||&#8221; header_font_size=&#8221;22px&#8221; header_line_height=&#8221;1.2em&#8221;]<span>Dr. Faludi G\u00e1bor, Dr. Kov\u00e1cs G\u00e1bor, Dr. P\u00e9ter L\u00e1szl\u00f3,<br \/>\n<\/span><span>Dr. Makkos Zolt\u00e1n, Dr. Laz\u00e1ry Judit, Dr. Gonda X\u00e9nia<\/span>[\/et_pb_cta][\/et_pb_column][et_pb_column type=&#8221;1_2&#8243; _builder_version=&#8221;3.25&#8243; custom_padding=&#8221;|||&#8221; custom_padding__hover=&#8221;|||&#8221;][et_pb_cta title=&#8221;Akkredit\u00e1lt rendezv\u00e9ny (OFTEX)&#8221; _builder_version=&#8221;3.22.7&#8243; header_font=&#8221;||||||||&#8221; header_font_size=&#8221;22px&#8221; header_line_height=&#8221;1.2em&#8221; height=&#8221;181px&#8221;]<span>Tudom\u00e1nyos (CME) szimp\u00f3zium: <strong>14 pont<\/strong><br \/>\n<\/span><span>Kongresszus: <strong>32 pont<\/strong><\/span>[\/et_pb_cta][\/et_pb_column][\/et_pb_row][\/et_pb_section][et_pb_section fb_built=&#8221;1&#8243; fullwidth=&#8221;on&#8221; _builder_version=&#8221;3.22.5&#8243;][\/et_pb_section]<\/p>\n","protected":false},"excerpt":{"rendered":"<p>XVII. Magyar Neuropszichofarmakol\u00f3giai Kongresszus Innovat\u00edv es transzformat\u00edv pszichofarmakol\u00f3gia HOTEL CLUB TIHANY 2021. OKT\u00d3BER 7\u20139. CS\u00dcT\u00d6RT\u00d6K 2021. OKT\u00d3BER 7.11.00\u201313.00 Tudom\u00e1nyos (CME) szimp\u00f3zium: diagnosztikai \u00e9s\u00a0 er\u00e1pi\u00e1s k\u00e9rd\u00e9sek a pszichi\u00e1ter klinikai gyakorlata sor\u00e1n14.30\u201316.00 Tudom\u00e1nyos (CME) szimp\u00f3zium folytat\u00e1sa16.15\u201316.30 Megnyit\u00f317.00\u201318.00 C\u00e9gszimp\u00f3zium P\u00c9NTEK 2021. OKT\u00d3BER 8.09.00\u201310.30 A poszt-Covid szindr\u00f3ma pszichi\u00e1triai vonatkoz\u00e1sai11.00\u201313.00 Neuromodulat\u00edv szerek a klinikumban14.00\u201315.00 E-poszter szekci\u00f315.00\u201316.30 Pszichofarmakonokaz indik\u00e1ci\u00f3n t\u00fal17.00\u201318.30 C\u00e9gszimp\u00f3zium18.30\u201319.30 [&hellip;]<\/p>\n","protected":false},"author":4,"featured_media":0,"parent":0,"menu_order":0,"comment_status":"closed","ping_status":"closed","template":"","meta":{"_et_pb_use_builder":"on","_et_pb_old_content":"","_et_gb_content_width":"","footnotes":""},"class_list":["post-48481","page","type-page","status-publish","hentry"],"_links":{"self":[{"href":"https:\/\/mppt.hu\/en\/wp-json\/wp\/v2\/pages\/48481","targetHints":{"allow":["GET"]}}],"collection":[{"href":"https:\/\/mppt.hu\/en\/wp-json\/wp\/v2\/pages"}],"about":[{"href":"https:\/\/mppt.hu\/en\/wp-json\/wp\/v2\/types\/page"}],"author":[{"embeddable":true,"href":"https:\/\/mppt.hu\/en\/wp-json\/wp\/v2\/users\/4"}],"replies":[{"embeddable":true,"href":"https:\/\/mppt.hu\/en\/wp-json\/wp\/v2\/comments?post=48481"}],"version-history":[{"count":12,"href":"https:\/\/mppt.hu\/en\/wp-json\/wp\/v2\/pages\/48481\/revisions"}],"predecessor-version":[{"id":50737,"href":"https:\/\/mppt.hu\/en\/wp-json\/wp\/v2\/pages\/48481\/revisions\/50737"}],"wp:attachment":[{"href":"https:\/\/mppt.hu\/en\/wp-json\/wp\/v2\/media?parent=48481"}],"curies":[{"name":"wp","href":"https:\/\/api.w.org\/{rel}","templated":true}]}}